{"id":2002,"date":"2024-09-20T17:28:17","date_gmt":"2024-09-20T15:28:17","guid":{"rendered":"https:\/\/steec.fr\/?page_id=2002"},"modified":"2026-01-13T17:28:25","modified_gmt":"2026-01-13T16:28:25","slug":"controle-qualite","status":"publish","type":"page","link":"https:\/\/steec.fr\/en\/quality-control\/","title":{"rendered":"Quality Control"},"content":{"rendered":"<style>.elementor-2002 .elementor-element.elementor-element-322319d:not(.elementor-motion-effects-element-type-background), .elementor-2002 .elementor-element.elementor-element-322319d > .elementor-motion-effects-container > .elementor-motion-effects-layer{background-image:url(\"https:\/\/steec.fr\/wp-content\/uploads\/2024\/05\/steec-bandeau011.jpg\");background-position:center center;background-repeat:no-repeat;background-size:cover;}.elementor-2002 .elementor-element.elementor-element-322319d > .elementor-background-overlay{background-color:#000000;opacity:0.35;transition:background 0.3s, border-radius 0.3s, opacity 0.3s;}.elementor-2002 .elementor-element.elementor-element-322319d > .elementor-container{max-width:805px;min-height:55vh;}.elementor-2002 .elementor-element.elementor-element-322319d{transition:background 0.3s, border 0.3s, border-radius 0.3s, box-shadow 0.3s;margin-top:-91px;margin-bottom:0px;padding:0% 0% 0% 0%;}.elementor-2002 .elementor-element.elementor-element-0bc4162 > .elementor-element-populated{text-align:center;margin:5% 0% 0% 0%;--e-column-margin-right:0%;--e-column-margin-left:0%;}.elementor-2002 .elementor-element.elementor-element-d2d0c27 > .elementor-widget-container{margin:0px 0px 0px 0px;}.elementor-2002 .elementor-element.elementor-element-d2d0c27{text-align:center;}.elementor-2002 .elementor-element.elementor-element-d2d0c27 .elementor-heading-title{font-family:\"Plus Jakarta Sans\", Sans-serif;font-size:51px;font-weight:900;line-height:55px;letter-spacing:-2px;color:#FFFFFF;}.elementor-2002 .elementor-element.elementor-element-45dff3b > .elementor-container > .elementor-column > .elementor-widget-wrap{align-content:center;align-items:center;}.elementor-2002 .elementor-element.elementor-element-45dff3b{transition:background 0.3s, border 0.3s, border-radius 0.3s, box-shadow 0.3s;margin-top:50px;margin-bottom:0px;padding:0px 20px 0px 20px;}.elementor-2002 .elementor-element.elementor-element-45dff3b > .elementor-background-overlay{transition:background 0.3s, border-radius 0.3s, opacity 0.3s;}.elementor-2002 .elementor-element.elementor-element-cae359f > .elementor-element-populated{padding:0px 0px 0px 0px;}.elementor-2002 .elementor-element.elementor-element-43edcf9 > .elementor-container > .elementor-column > .elementor-widget-wrap{align-content:center;align-items:center;}.elementor-2002 .elementor-element.elementor-element-43edcf9:not(.elementor-motion-effects-element-type-background), .elementor-2002 .elementor-element.elementor-element-43edcf9 > .elementor-motion-effects-container > .elementor-motion-effects-layer{background-color:#FCFCFC;}.elementor-2002 .elementor-element.elementor-element-43edcf9{border-style:solid;border-width:3px 3px 3px 3px;border-color:#F0F0F0;transition:background 0.3s, border 0.3s, border-radius 0.3s, box-shadow 0.3s;margin-top:0px;margin-bottom:70px;padding:35px 35px 35px 35px;}.elementor-2002 .elementor-element.elementor-element-43edcf9, .elementor-2002 .elementor-element.elementor-element-43edcf9 > .elementor-background-overlay{border-radius:10px 10px 10px 10px;}.elementor-2002 .elementor-element.elementor-element-43edcf9 > .elementor-background-overlay{transition:background 0.3s, border-radius 0.3s, opacity 0.3s;}.elementor-2002 .elementor-element.elementor-element-78b80be > .elementor-element-populated{margin:0% 5% 0% 0%;--e-column-margin-right:5%;--e-column-margin-left:0%;}.elementor-2002 .elementor-element.elementor-element-88f7adc{width:var( --container-widget-width, 100% );max-width:100%;--container-widget-width:100%;--container-widget-flex-grow:0;text-align:left;font-family:\"Plus Jakarta Sans\", Sans-serif;font-size:16px;font-weight:500;line-height:25px;color:#444444;}.elementor-2002 .elementor-element.elementor-element-850f027 .elementor-button{background-color:#2D8AB3;font-family:\"Plus Jakarta Sans\", Sans-serif;font-size:14px;font-weight:800;text-decoration:none;letter-spacing:0.5px;border-style:solid;border-color:#2D8AB3;border-radius:4px 4px 4px 4px;padding:8px 22px 10px 22px;}.elementor-2002 .elementor-element.elementor-element-850f027 .elementor-button:hover, .elementor-2002 .elementor-element.elementor-element-850f027 .elementor-button:focus{background-color:#232323;color:#FFFFFF;border-color:#232323;}.elementor-2002 .elementor-element.elementor-element-850f027 > .elementor-widget-container{margin:10px 0px 0px 0px;padding:0px 0px 0px 0px;}.elementor-2002 .elementor-element.elementor-element-850f027 .elementor-button:hover svg, .elementor-2002 .elementor-element.elementor-element-850f027 .elementor-button:focus svg{fill:#FFFFFF;}.elementor-2002 .elementor-element.elementor-element-dd6cf61 > .elementor-widget-container{margin:0% 0% 0% 0%;padding:0px 0px 0px 0px;border-radius:12px 12px 12px 12px;}.elementor-2002 .elementor-element.elementor-element-dd6cf61{z-index:2;text-align:right;}.elementor-2002 .elementor-element.elementor-element-dd6cf61 img{width:434px;border-radius:5px 5px 5px 5px;box-shadow:0px 20px 100px 0px rgba(0, 0, 0, 0.1);}@media(min-width:768px){.elementor-2002 .elementor-element.elementor-element-78b80be{width:65%;}.elementor-2002 .elementor-element.elementor-element-5bf5af8{width:35%;}}@media(max-width:1024px){.elementor-2002 .elementor-element.elementor-element-322319d > .elementor-container{min-height:60vh;}.elementor-2002 .elementor-element.elementor-element-d2d0c27 .elementor-heading-title{font-size:60px;line-height:68px;}.elementor-2002 .elementor-element.elementor-element-45dff3b{padding:70px 0px 30px 0px;}.elementor-2002 .elementor-element.elementor-element-43edcf9{padding:0px 0px 30px 0px;}.elementor-2002 .elementor-element.elementor-element-78b80be > .elementor-element-populated{margin:0% 5% 0% 0%;--e-column-margin-right:5%;--e-column-margin-left:0%;}.elementor-2002 .elementor-element.elementor-element-88f7adc{font-size:16px;line-height:30px;}}@media(max-width:767px){.elementor-2002 .elementor-element.elementor-element-322319d > .elementor-container{min-height:41vh;}.elementor-2002 .elementor-element.elementor-element-322319d{padding:50px 0px 0px 0px;}.elementor-2002 .elementor-element.elementor-element-d2d0c27 > .elementor-widget-container{margin:0px 0px 20px 0px;}.elementor-2002 .elementor-element.elementor-element-d2d0c27 .elementor-heading-title{font-size:30px;line-height:29px;letter-spacing:0px;}.elementor-2002 .elementor-element.elementor-element-45dff3b{padding:0px 010px 0px 10px;}.elementor-2002 .elementor-element.elementor-element-cae359f > .elementor-element-populated{margin:0px 0px 0px 0px;--e-column-margin-right:0px;--e-column-margin-left:0px;}.elementor-2002 .elementor-element.elementor-element-43edcf9{padding:0px 0px 0px 0px;}.elementor-2002 .elementor-element.elementor-element-78b80be > .elementor-element-populated{margin:30px 0px 30px 0px;--e-column-margin-right:0px;--e-column-margin-left:0px;}.elementor-2002 .elementor-element.elementor-element-88f7adc{width:100%;max-width:100%;font-size:15px;}.elementor-2002 .elementor-element.elementor-element-850f027 .elementor-button{padding:8px 20px 9px 20px;}.elementor-2002 .elementor-element.elementor-element-5bf5af8 > .elementor-element-populated{margin:0px 0px 0px 0px;--e-column-margin-right:0px;--e-column-margin-left:0px;padding:0px 0px 0px 0px;}.elementor-2002 .elementor-element.elementor-element-dd6cf61 > .elementor-widget-container{margin:0px 0px 0px 0px;}.elementor-2002 .elementor-element.elementor-element-dd6cf61{text-align:center;}.elementor-2002 .elementor-element.elementor-element-dd6cf61 img{width:90%;}}@media(min-width:1025px){.elementor-2002 .elementor-element.elementor-element-322319d:not(.elementor-motion-effects-element-type-background), .elementor-2002 .elementor-element.elementor-element-322319d > .elementor-motion-effects-container > .elementor-motion-effects-layer{background-attachment:fixed;}}<\/style>\t\t<div data-elementor-type=\"wp-page\" data-elementor-id=\"2002\" class=\"elementor elementor-2002\" data-elementor-post-type=\"page\">\n\t\t\t\t\t\t<section class=\"elementor-section elementor-top-section elementor-element elementor-element-322319d elementor-section-height-min-height elementor-section-boxed elementor-section-height-default elementor-section-items-middle\" data-id=\"322319d\" data-element_type=\"section\" data-settings=\"{&quot;background_background&quot;:&quot;classic&quot;}\">\n\t\t\t\t\t\t\t<div class=\"elementor-background-overlay\"><\/div>\n\t\t\t\t\t\t\t<div class=\"elementor-container elementor-column-gap-default\">\n\t\t\t\t\t<div class=\"elementor-column elementor-col-100 elementor-top-column elementor-element elementor-element-0bc4162\" data-id=\"0bc4162\" data-element_type=\"column\">\n\t\t\t<div class=\"elementor-widget-wrap elementor-element-populated\">\n\t\t\t\t\t\t<div class=\"elementor-element elementor-element-d2d0c27 elementor-invisible elementor-widget elementor-widget-heading\" data-id=\"d2d0c27\" data-element_type=\"widget\" data-settings=\"{&quot;_animation&quot;:&quot;fadeInUp&quot;}\" data-widget_type=\"heading.default\">\n\t\t\t\t<div class=\"elementor-widget-container\">\n\t\t\t\t\t<h1 class=\"elementor-heading-title elementor-size-default\">Quality control by STEEC, specialists in micromechanics<\/h1>\t\t\t\t<\/div>\n\t\t\t\t<\/div>\n\t\t\t\t\t<\/div>\n\t\t<\/div>\n\t\t\t\t\t<\/div>\n\t\t<\/section>\n\t\t\t\t<section class=\"elementor-section elementor-top-section elementor-element elementor-element-45dff3b elementor-section-content-middle elementor-section-boxed elementor-section-height-default elementor-section-height-default\" data-id=\"45dff3b\" data-element_type=\"section\" data-settings=\"{&quot;background_background&quot;:&quot;classic&quot;}\">\n\t\t\t\t\t\t<div class=\"elementor-container elementor-column-gap-default\">\n\t\t\t\t\t<div class=\"elementor-column elementor-col-100 elementor-top-column elementor-element elementor-element-cae359f\" data-id=\"cae359f\" data-element_type=\"column\">\n\t\t\t<div class=\"elementor-widget-wrap elementor-element-populated\">\n\t\t\t\t\t\t<section class=\"elementor-section elementor-inner-section elementor-element elementor-element-43edcf9 elementor-section-content-middle elementor-section-boxed elementor-section-height-default elementor-section-height-default\" data-id=\"43edcf9\" data-element_type=\"section\" data-settings=\"{&quot;background_background&quot;:&quot;classic&quot;}\">\n\t\t\t\t\t\t<div class=\"elementor-container elementor-column-gap-default\">\n\t\t\t\t\t<div class=\"elementor-column elementor-col-50 elementor-inner-column elementor-element elementor-element-78b80be elementor-invisible\" data-id=\"78b80be\" data-element_type=\"column\" data-settings=\"{&quot;animation&quot;:&quot;fadeIn&quot;}\">\n\t\t\t<div class=\"elementor-widget-wrap elementor-element-populated\">\n\t\t\t\t\t\t<div class=\"elementor-element elementor-element-88f7adc elementor-widget__width-initial elementor-widget-mobile__width-inherit elementor-widget elementor-widget-text-editor\" data-id=\"88f7adc\" data-element_type=\"widget\" data-widget_type=\"text-editor.default\">\n\t\t\t\t<div class=\"elementor-widget-container\">\n\t\t\t\t\t\t\t\t\t<p>Because<b> STEEC<\/b> produces very specific parts for various high-tech applications, these require great attention and must be controlled in a relevant and efficient manner.<\/p>\n<p>With this objective, STEEC has built within itself <b>two dedicated laboratories<\/b> For<b> finishing and control<\/b>.&nbsp;<\/p>\n<p>These laboratories have their temperatures controlled at 22\u00b0C+\/-1\u00b0C to avoid any thermal expansion and thus guarantee the measurements taken.<\/p>\n<p>In addition, STEEC has decided to equip itself with <b>projection control machines <\/b>brand profile <b>KEYENCE and OGP<\/b> as well as a KEYENCE brand infrared three-dimensional inspection machine for<b> dimensional and geometric controls<\/b> ever more optimal.&nbsp;<\/p>\n<p>Monitoring of calibrations and therefore of the validity of all ECME (Measurement Control and Testing Equipment) is carried out in accordance with the Cofrac rules.<\/p>\n<p>Let&#039;s not forget our team of finishing\/control specialists who will take care of your products and <b>will check that they meet your specifications in every respect<\/b>.<\/p><p>Our team is at your disposal for your needs in <a href=\"https:\/\/steec.fr\/en\/\">micromechanics<\/a> :<\/p>\t\t\t\t\t\t\t\t<\/div>\n\t\t\t\t<\/div>\n\t\t\t\t<div class=\"elementor-element elementor-element-850f027 elementor-align-left elementor-widget elementor-widget-button\" data-id=\"850f027\" data-element_type=\"widget\" data-widget_type=\"button.default\">\n\t\t\t\t<div class=\"elementor-widget-container\">\n\t\t\t\t\t\t\t\t\t<div class=\"elementor-button-wrapper\">\n\t\t\t\t\t<a class=\"elementor-button elementor-button-link elementor-size-sm\" href=\"https:\/\/steec.fr\/en\/contact\/\" target=\"_blank\">\n\t\t\t\t\t\t<span class=\"elementor-button-content-wrapper\">\n\t\t\t\t\t\t\t\t\t<span class=\"elementor-button-text\">Contact us<\/span>\n\t\t\t\t\t<\/span>\n\t\t\t\t\t<\/a>\n\t\t\t\t<\/div>\n\t\t\t\t\t\t\t\t<\/div>\n\t\t\t\t<\/div>\n\t\t\t\t\t<\/div>\n\t\t<\/div>\n\t\t\t\t<div class=\"elementor-column elementor-col-50 elementor-inner-column elementor-element elementor-element-5bf5af8 elementor-invisible\" data-id=\"5bf5af8\" data-element_type=\"column\" data-settings=\"{&quot;animation&quot;:&quot;fadeIn&quot;}\">\n\t\t\t<div class=\"elementor-widget-wrap elementor-element-populated\">\n\t\t\t\t\t\t<div class=\"elementor-element elementor-element-dd6cf61 elementor-widget elementor-widget-image\" data-id=\"dd6cf61\" data-element_type=\"widget\" data-widget_type=\"image.default\">\n\t\t\t\t<div class=\"elementor-widget-container\">\n\t\t\t\t\t\t\t\t\t\t\t\t\t\t\t<img fetchpriority=\"high\" decoding=\"async\" width=\"811\" height=\"607\" src=\"https:\/\/steec.fr\/wp-content\/uploads\/2024\/09\/controle-qualite.webp\" class=\"attachment-full size-full wp-image-2005\" alt=\"quality control\" srcset=\"https:\/\/steec.fr\/wp-content\/uploads\/2024\/09\/controle-qualite.webp 811w, https:\/\/steec.fr\/wp-content\/uploads\/2024\/09\/controle-qualite-300x225.webp 300w, https:\/\/steec.fr\/wp-content\/uploads\/2024\/09\/controle-qualite-768x575.webp 768w, https:\/\/steec.fr\/wp-content\/uploads\/2024\/09\/controle-qualite-16x12.webp 16w\" sizes=\"(max-width: 811px) 100vw, 811px\" \/>\t\t\t\t\t\t\t\t\t\t\t\t\t\t\t<\/div>\n\t\t\t\t<\/div>\n\t\t\t\t\t<\/div>\n\t\t<\/div>\n\t\t\t\t\t<\/div>\n\t\t<\/section>\n\t\t\t\t\t<\/div>\n\t\t<\/div>\n\t\t\t\t\t<\/div>\n\t\t<\/section>\n\t\t\t\t<\/div>","protected":false},"excerpt":{"rendered":"<p>Contr\u00f4le qualit\u00e9 par STEEC, sp\u00e9cialiste en microm\u00e9canique Par ce que STEEC r\u00e9alise des pi\u00e8ces bien sp\u00e9cifiques pour diverses applications de haute technologie, celles-ci n\u00e9cessitent une grande attention et doivent \u00eatre contr\u00f4l\u00e9es de mani\u00e8re pertinente et efficace. Avec cet objectif, STEEC a construit en son sein deux laboratoires d\u00e9di\u00e9s pour la finition et le contr\u00f4le.&nbsp; Ces [&hellip;]<\/p>\n","protected":false},"author":1,"featured_media":2005,"parent":0,"menu_order":0,"comment_status":"closed","ping_status":"closed","template":"","meta":{"footnotes":""},"class_list":["post-2002","page","type-page","status-publish","has-post-thumbnail","hentry"],"yoast_head":"<!-- This site is optimized with the Yoast SEO plugin v26.6 - https:\/\/yoast.com\/wordpress\/plugins\/seo\/ -->\n<title>Contr\u00f4le Qualit\u00e9 Usinage - STEEC<\/title>\n<meta name=\"description\" content=\"STEEC assure un controle qualit\u00e9 usinage rigoureux pour des pi\u00e8ces de haute technologie, garantissant pr\u00e9cision, fiabilit\u00e9 et performance.\" \/>\n<meta name=\"robots\" content=\"index, follow, max-snippet:-1, max-image-preview:large, max-video-preview:-1\" \/>\n<link rel=\"canonical\" href=\"https:\/\/steec.fr\/en\/quality-control\/\" \/>\n<meta property=\"og:locale\" content=\"en_GB\" \/>\n<meta property=\"og:type\" content=\"article\" \/>\n<meta property=\"og:title\" content=\"Contr\u00f4le Qualit\u00e9 Usinage - STEEC\" \/>\n<meta property=\"og:description\" content=\"STEEC assure un controle qualit\u00e9 usinage rigoureux pour des pi\u00e8ces de haute technologie, garantissant pr\u00e9cision, fiabilit\u00e9 et performance.\" \/>\n<meta property=\"og:url\" content=\"https:\/\/steec.fr\/en\/quality-control\/\" \/>\n<meta property=\"og:site_name\" content=\"STEEC\" \/>\n<meta property=\"article:modified_time\" content=\"2026-01-13T16:28:25+00:00\" \/>\n<meta property=\"og:image\" content=\"https:\/\/steec.fr\/wp-content\/uploads\/2024\/09\/controle-qualite.webp\" \/>\n\t<meta property=\"og:image:width\" content=\"811\" \/>\n\t<meta property=\"og:image:height\" content=\"607\" \/>\n\t<meta property=\"og:image:type\" content=\"image\/webp\" \/>\n<meta name=\"twitter:card\" content=\"summary_large_image\" \/>\n<meta name=\"twitter:label1\" content=\"Estimated reading time\" \/>\n\t<meta name=\"twitter:data1\" content=\"2 minutes\" \/>\n<script type=\"application\/ld+json\" class=\"yoast-schema-graph\">{\"@context\":\"https:\/\/schema.org\",\"@graph\":[{\"@type\":\"WebPage\",\"@id\":\"https:\/\/steec.fr\/controle-qualite\/\",\"url\":\"https:\/\/steec.fr\/controle-qualite\/\",\"name\":\"Contr\u00f4le Qualit\u00e9 Usinage - STEEC\",\"isPartOf\":{\"@id\":\"https:\/\/steec.fr\/#website\"},\"primaryImageOfPage\":{\"@id\":\"https:\/\/steec.fr\/controle-qualite\/#primaryimage\"},\"image\":{\"@id\":\"https:\/\/steec.fr\/controle-qualite\/#primaryimage\"},\"thumbnailUrl\":\"https:\/\/steec.fr\/wp-content\/uploads\/2024\/09\/controle-qualite.webp\",\"datePublished\":\"2024-09-20T15:28:17+00:00\",\"dateModified\":\"2026-01-13T16:28:25+00:00\",\"description\":\"STEEC assure un controle qualit\u00e9 usinage rigoureux pour des pi\u00e8ces de haute technologie, garantissant pr\u00e9cision, fiabilit\u00e9 et performance.\",\"breadcrumb\":{\"@id\":\"https:\/\/steec.fr\/controle-qualite\/#breadcrumb\"},\"inLanguage\":\"en-GB\",\"potentialAction\":[{\"@type\":\"ReadAction\",\"target\":[\"https:\/\/steec.fr\/controle-qualite\/\"]}]},{\"@type\":\"ImageObject\",\"inLanguage\":\"en-GB\",\"@id\":\"https:\/\/steec.fr\/controle-qualite\/#primaryimage\",\"url\":\"https:\/\/steec.fr\/wp-content\/uploads\/2024\/09\/controle-qualite.webp\",\"contentUrl\":\"https:\/\/steec.fr\/wp-content\/uploads\/2024\/09\/controle-qualite.webp\",\"width\":811,\"height\":607,\"caption\":\"controle qualite\"},{\"@type\":\"BreadcrumbList\",\"@id\":\"https:\/\/steec.fr\/controle-qualite\/#breadcrumb\",\"itemListElement\":[{\"@type\":\"ListItem\",\"position\":1,\"name\":\"STEEC\",\"item\":\"https:\/\/steec.fr\/\"},{\"@type\":\"ListItem\",\"position\":2,\"name\":\"Contr\u00f4le Qualit\u00e9\"}]},{\"@type\":\"WebSite\",\"@id\":\"https:\/\/steec.fr\/#website\",\"url\":\"https:\/\/steec.fr\/\",\"name\":\"STEEC\",\"description\":\"STEEC\",\"alternateName\":\"STEEC\",\"potentialAction\":[{\"@type\":\"SearchAction\",\"target\":{\"@type\":\"EntryPoint\",\"urlTemplate\":\"https:\/\/steec.fr\/?s={search_term_string}\"},\"query-input\":{\"@type\":\"PropertyValueSpecification\",\"valueRequired\":true,\"valueName\":\"search_term_string\"}}],\"inLanguage\":\"en-GB\"}]}<\/script>\n<!-- \/ Yoast SEO plugin. -->","yoast_head_json":{"title":"Machining Quality Control - STEEC","description":"STEEC ensures rigorous machining quality control for high-tech parts, guaranteeing precision, reliability and performance.","robots":{"index":"index","follow":"follow","max-snippet":"max-snippet:-1","max-image-preview":"max-image-preview:large","max-video-preview":"max-video-preview:-1"},"canonical":"https:\/\/steec.fr\/en\/quality-control\/","og_locale":"en_GB","og_type":"article","og_title":"Contr\u00f4le Qualit\u00e9 Usinage - STEEC","og_description":"STEEC assure un controle qualit\u00e9 usinage rigoureux pour des pi\u00e8ces de haute technologie, garantissant pr\u00e9cision, fiabilit\u00e9 et performance.","og_url":"https:\/\/steec.fr\/en\/quality-control\/","og_site_name":"STEEC","article_modified_time":"2026-01-13T16:28:25+00:00","og_image":[{"width":811,"height":607,"url":"https:\/\/steec.fr\/wp-content\/uploads\/2024\/09\/controle-qualite.webp","type":"image\/webp"}],"twitter_card":"summary_large_image","twitter_misc":{"Estimated reading time":"2 minutes"},"schema":{"@context":"https:\/\/schema.org","@graph":[{"@type":"WebPage","@id":"https:\/\/steec.fr\/controle-qualite\/","url":"https:\/\/steec.fr\/controle-qualite\/","name":"Machining Quality Control - STEEC","isPartOf":{"@id":"https:\/\/steec.fr\/#website"},"primaryImageOfPage":{"@id":"https:\/\/steec.fr\/controle-qualite\/#primaryimage"},"image":{"@id":"https:\/\/steec.fr\/controle-qualite\/#primaryimage"},"thumbnailUrl":"https:\/\/steec.fr\/wp-content\/uploads\/2024\/09\/controle-qualite.webp","datePublished":"2024-09-20T15:28:17+00:00","dateModified":"2026-01-13T16:28:25+00:00","description":"STEEC ensures rigorous machining quality control for high-tech parts, guaranteeing precision, reliability and performance.","breadcrumb":{"@id":"https:\/\/steec.fr\/controle-qualite\/#breadcrumb"},"inLanguage":"en-GB","potentialAction":[{"@type":"ReadAction","target":["https:\/\/steec.fr\/controle-qualite\/"]}]},{"@type":"ImageObject","inLanguage":"en-GB","@id":"https:\/\/steec.fr\/controle-qualite\/#primaryimage","url":"https:\/\/steec.fr\/wp-content\/uploads\/2024\/09\/controle-qualite.webp","contentUrl":"https:\/\/steec.fr\/wp-content\/uploads\/2024\/09\/controle-qualite.webp","width":811,"height":607,"caption":"controle qualite"},{"@type":"BreadcrumbList","@id":"https:\/\/steec.fr\/controle-qualite\/#breadcrumb","itemListElement":[{"@type":"ListItem","position":1,"name":"STEEC","item":"https:\/\/steec.fr\/"},{"@type":"ListItem","position":2,"name":"Contr\u00f4le Qualit\u00e9"}]},{"@type":"WebSite","@id":"https:\/\/steec.fr\/#website","url":"https:\/\/steec.fr\/","name":"STEEC","description":"STEEC","alternateName":"STEEC","potentialAction":[{"@type":"SearchAction","target":{"@type":"EntryPoint","urlTemplate":"https:\/\/steec.fr\/?s={search_term_string}"},"query-input":{"@type":"PropertyValueSpecification","valueRequired":true,"valueName":"search_term_string"}}],"inLanguage":"en-GB"}]}},"_links":{"self":[{"href":"https:\/\/steec.fr\/en\/wp-json\/wp\/v2\/pages\/2002","targetHints":{"allow":["GET"]}}],"collection":[{"href":"https:\/\/steec.fr\/en\/wp-json\/wp\/v2\/pages"}],"about":[{"href":"https:\/\/steec.fr\/en\/wp-json\/wp\/v2\/types\/page"}],"author":[{"embeddable":true,"href":"https:\/\/steec.fr\/en\/wp-json\/wp\/v2\/users\/1"}],"replies":[{"embeddable":true,"href":"https:\/\/steec.fr\/en\/wp-json\/wp\/v2\/comments?post=2002"}],"version-history":[{"count":16,"href":"https:\/\/steec.fr\/en\/wp-json\/wp\/v2\/pages\/2002\/revisions"}],"predecessor-version":[{"id":2132,"href":"https:\/\/steec.fr\/en\/wp-json\/wp\/v2\/pages\/2002\/revisions\/2132"}],"wp:featuredmedia":[{"embeddable":true,"href":"https:\/\/steec.fr\/en\/wp-json\/wp\/v2\/media\/2005"}],"wp:attachment":[{"href":"https:\/\/steec.fr\/en\/wp-json\/wp\/v2\/media?parent=2002"}],"curies":[{"name":"wp","href":"https:\/\/api.w.org\/{rel}","templated":true}]}}