{"id":16,"date":"2024-05-12T19:29:33","date_gmt":"2024-05-12T17:29:33","guid":{"rendered":"https:\/\/steec-dev.fr\/?page_id=16"},"modified":"2024-05-15T15:30:39","modified_gmt":"2024-05-15T13:30:39","slug":"actualites","status":"publish","type":"page","link":"https:\/\/steec.fr\/en\/news-2\/","title":{"rendered":"News"},"content":{"rendered":"<style>.elementor-16 .elementor-element.elementor-element-2f4bab94 > .elementor-container{max-width:600px;min-height:68vh;}.elementor-16 .elementor-element.elementor-element-2f4bab94:not(.elementor-motion-effects-element-type-background), .elementor-16 .elementor-element.elementor-element-2f4bab94 > .elementor-motion-effects-container > .elementor-motion-effects-layer{background-position:top center;background-repeat:no-repeat;background-size:cover;}.elementor-16 .elementor-element.elementor-element-2f4bab94 > .elementor-background-overlay{background-color:#232323;opacity:0.5;transition:background 0.3s, border-radius 0.3s, opacity 0.3s;}.elementor-16 .elementor-element.elementor-element-2f4bab94{transition:background 0.3s, border 0.3s, border-radius 0.3s, box-shadow 0.3s;margin-top:-91px;margin-bottom:0px;}.elementor-16 .elementor-element.elementor-element-22410f23 > .elementor-element-populated{text-align:center;}.elementor-16 .elementor-element.elementor-element-14645552 .elementor-heading-title{color:#FFFFFFA8;}.elementor-16 .elementor-element.elementor-element-14645552 > .elementor-widget-container{margin:0px 0px 20px 0px;}.elementor-16 .elementor-element.elementor-element-550d5041 .elementor-heading-title{color:var( --e-global-color-5f09c7a );}.elementor-16 .elementor-element.elementor-element-7e10b89b{overflow:hidden;transition:background 0.3s, border 0.3s, border-radius 0.3s, box-shadow 0.3s;padding:120px 0px 90px 0px;}.elementor-16 .elementor-element.elementor-element-7e10b89b > .elementor-background-overlay{transition:background 0.3s, border-radius 0.3s, opacity 0.3s;}.elementor-16 .elementor-element.elementor-element-552adfd5 .elementskit-post-image-card{display:block;}.elementor-16 .elementor-element.elementor-element-552adfd5 .elementskit-blog-block-post, .elementor-16 .elementor-element.elementor-element-552adfd5 .elementskit-post-image-card, .elementor-16 .elementor-element.elementor-element-552adfd5 .elementskit-post-card{background-color:#FF454500;box-shadow:0px 0px 20px 0px rgba(0, 0, 0, 0.08);border-radius:6px 6px 6px 6px;padding:0px 0px 0px 0px;margin:0px 0px 30px 0px;}.elementor-16 .elementor-element.elementor-element-552adfd5 .elementskit-blog-block-post .elementskit-post-body{padding:13% 14% 14% 14%;}.elementor-16 .elementor-element.elementor-element-552adfd5 .elementskit-post-image-card .elementskit-post-body{padding:13% 14% 14% 14%;}.elementor-16 .elementor-element.elementor-element-552adfd5 .elementskit-post-body{background-color:var( --e-global-color-5f09c7a );}.elementor-16 .elementor-element.elementor-element-552adfd5 .elementskit-entry-thumb{border-radius:5px 5px 0px 0px;margin:0px 0px -15px 0px;} .elementor-16 .elementor-element.elementor-element-552adfd5 .ekit-wid-con .elementskit-entry-thumb{padding:0px 0px 0px 0px;}.elementor-16 .elementor-element.elementor-element-552adfd5 .elementskit-post-body .entry-title, .elementor-16 .elementor-element.elementor-element-552adfd5 .elementskit-entry-header .entry-title, .elementor-16 .elementor-element.elementor-element-552adfd5 .elementskit-post-image-card .elementskit-post-body .entry-title  a,  .elementor-16 .elementor-element.elementor-element-552adfd5 .elementskit-post-card .elementskit-entry-header .entry-title  a,.elementor-16 .elementor-element.elementor-element-552adfd5 .elementskit-blog-block-post .elementskit-post-body .entry-title a{font-family:var( --e-global-typography-087e153-font-family ), Sans-serif;font-size:var( --e-global-typography-087e153-font-size );font-weight:var( --e-global-typography-087e153-font-weight );line-height:var( --e-global-typography-087e153-line-height );letter-spacing:var( --e-global-typography-087e153-letter-spacing );word-spacing:var( --e-global-typography-087e153-word-spacing );}.elementor-16 .elementor-element.elementor-element-552adfd5 .elementskit-post-body .entry-title a{color:var( --e-global-color-primary );}.elementor-16 .elementor-element.elementor-element-552adfd5 .elementskit-entry-header .entry-title a{color:var( --e-global-color-primary );}.elementor-16 .elementor-element.elementor-element-552adfd5 .elementskit-post-body .entry-title a:hover{color:#2D8AB3;}.elementor-16 .elementor-element.elementor-element-552adfd5 .elementskit-entry-header .entry-title a:hover{color:#2D8AB3;}.elementor-16 .elementor-element.elementor-element-552adfd5 .elementskit-post-card:hover .entry-title a{color:#2D8AB3;}.elementor-16 .elementor-element.elementor-element-552adfd5 .elementskit-post-image-card:hover .entry-title a{color:#2D8AB3;}.elementor-16 .elementor-element.elementor-element-552adfd5 .elementskit-post-body .entry-title{text-align:left;margin:0px 0px 16px 0px;}.elementor-16 .elementor-element.elementor-element-552adfd5 .elementskit-entry-header .entry-title{text-align:left;margin:0px 0px 16px 0px;}@media(min-width:1025px){.elementor-16 .elementor-element.elementor-element-2f4bab94:not(.elementor-motion-effects-element-type-background), .elementor-16 .elementor-element.elementor-element-2f4bab94 > .elementor-motion-effects-container > .elementor-motion-effects-layer{background-attachment:fixed;}}@media(max-width:1024px){.elementor-16 .elementor-element.elementor-element-2f4bab94 > .elementor-container{min-height:60vh;}.elementor-16 .elementor-element.elementor-element-14645552 > .elementor-widget-container{margin:0px 0px 15px 0px;}.elementor-16 .elementor-element.elementor-element-7e10b89b{padding:70px 0px 40px 0px;}.elementor-16 .elementor-element.elementor-element-552adfd5 .elementskit-blog-block-post, .elementor-16 .elementor-element.elementor-element-552adfd5 .elementskit-post-image-card, .elementor-16 .elementor-element.elementor-element-552adfd5 .elementskit-post-card{margin:0px 0px 30px 0px;}.elementor-16 .elementor-element.elementor-element-552adfd5 .elementskit-post-body .entry-title, .elementor-16 .elementor-element.elementor-element-552adfd5 .elementskit-entry-header .entry-title, .elementor-16 .elementor-element.elementor-element-552adfd5 .elementskit-post-image-card .elementskit-post-body .entry-title  a,  .elementor-16 .elementor-element.elementor-element-552adfd5 .elementskit-post-card .elementskit-entry-header .entry-title  a,.elementor-16 .elementor-element.elementor-element-552adfd5 .elementskit-blog-block-post .elementskit-post-body .entry-title a{font-size:var( --e-global-typography-087e153-font-size );line-height:var( --e-global-typography-087e153-line-height );letter-spacing:var( --e-global-typography-087e153-letter-spacing );word-spacing:var( --e-global-typography-087e153-word-spacing );}}@media(max-width:767px){.elementor-16 .elementor-element.elementor-element-2f4bab94 > .elementor-container{min-height:62vh;}.elementor-16 .elementor-element.elementor-element-2f4bab94{padding:50px 0px 0px 0px;}.elementor-16 .elementor-element.elementor-element-14645552 > .elementor-widget-container{margin:0px 0px 10px 0px;}.elementor-16 .elementor-element.elementor-element-7e10b89b{padding:50px 0px 30px 0px;}.elementor-16 .elementor-element.elementor-element-552adfd5 .elementskit-blog-block-post, .elementor-16 .elementor-element.elementor-element-552adfd5 .elementskit-post-image-card, .elementor-16 .elementor-element.elementor-element-552adfd5 .elementskit-post-card{margin:0px 0px 30px 0px;}.elementor-16 .elementor-element.elementor-element-552adfd5 .elementskit-blog-block-post .elementskit-post-body{padding:10% 10% 10% 10%;}.elementor-16 .elementor-element.elementor-element-552adfd5 .elementskit-post-image-card .elementskit-post-body{padding:10% 10% 10% 10%;}.elementor-16 .elementor-element.elementor-element-552adfd5 .elementskit-post-body .entry-title, .elementor-16 .elementor-element.elementor-element-552adfd5 .elementskit-entry-header .entry-title, .elementor-16 .elementor-element.elementor-element-552adfd5 .elementskit-post-image-card .elementskit-post-body .entry-title  a,  .elementor-16 .elementor-element.elementor-element-552adfd5 .elementskit-post-card .elementskit-entry-header .entry-title  a,.elementor-16 .elementor-element.elementor-element-552adfd5 .elementskit-blog-block-post .elementskit-post-body .entry-title a{font-size:var( --e-global-typography-087e153-font-size );line-height:var( --e-global-typography-087e153-line-height );letter-spacing:var( --e-global-typography-087e153-letter-spacing );word-spacing:var( --e-global-typography-087e153-word-spacing );}}<\/style>\t\t<div data-elementor-type=\"wp-page\" data-elementor-id=\"16\" class=\"elementor elementor-16\" data-elementor-post-type=\"page\">\n\t\t\t\t\t\t<section class=\"elementor-section elementor-top-section elementor-element elementor-element-2f4bab94 elementor-section-height-min-height elementor-section-boxed elementor-section-height-default elementor-section-items-middle elementor-invisible\" data-id=\"2f4bab94\" data-element_type=\"section\" data-e-type=\"section\" data-settings=\"{&quot;background_background&quot;:&quot;classic&quot;,&quot;animation&quot;:&quot;fadeIn&quot;}\">\n\t\t\t\t\t\t\t<div class=\"elementor-background-overlay\"><\/div>\n\t\t\t\t\t\t\t<div class=\"elementor-container elementor-column-gap-default\">\n\t\t\t\t\t<div class=\"elementor-column elementor-col-100 elementor-top-column elementor-element elementor-element-22410f23\" data-id=\"22410f23\" data-element_type=\"column\" data-e-type=\"column\">\n\t\t\t<div class=\"elementor-widget-wrap elementor-element-populated\">\n\t\t\t\t\t\t<div class=\"elementor-element elementor-element-14645552 elementor-invisible elementor-widget elementor-widget-heading\" data-id=\"14645552\" data-element_type=\"widget\" data-e-type=\"widget\" data-settings=\"{&quot;_animation&quot;:&quot;fadeInUp&quot;}\" data-widget_type=\"heading.default\">\n\t\t\t\t<div class=\"elementor-widget-container\">\n\t\t\t\t\t<h5 class=\"elementor-heading-title elementor-size-default\">LATEST BLOG<\/h5>\t\t\t\t<\/div>\n\t\t\t\t<\/div>\n\t\t\t\t<div class=\"elementor-element elementor-element-550d5041 elementor-invisible elementor-widget elementor-widget-heading\" data-id=\"550d5041\" data-element_type=\"widget\" data-e-type=\"widget\" data-settings=\"{&quot;_animation&quot;:&quot;fadeInUp&quot;}\" data-widget_type=\"heading.default\">\n\t\t\t\t<div class=\"elementor-widget-container\">\n\t\t\t\t\t<h1 class=\"elementor-heading-title elementor-size-default\">STEEC news<\/h1>\t\t\t\t<\/div>\n\t\t\t\t<\/div>\n\t\t\t\t\t<\/div>\n\t\t<\/div>\n\t\t\t\t\t<\/div>\n\t\t<\/section>\n\t\t\t\t<section class=\"elementor-section elementor-top-section elementor-element elementor-element-7e10b89b elementor-section-boxed elementor-section-height-default elementor-section-height-default\" data-id=\"7e10b89b\" data-element_type=\"section\" data-e-type=\"section\" data-settings=\"{&quot;background_background&quot;:&quot;classic&quot;}\">\n\t\t\t\t\t\t<div class=\"elementor-container elementor-column-gap-default\">\n\t\t\t\t\t<div class=\"elementor-column elementor-col-100 elementor-top-column elementor-element elementor-element-1a857756\" data-id=\"1a857756\" data-element_type=\"column\" data-e-type=\"column\">\n\t\t\t<div class=\"elementor-widget-wrap elementor-element-populated\">\n\t\t\t\t\t\t<div class=\"elementor-element elementor-element-552adfd5 elementor-invisible elementor-widget elementor-widget-elementskit-blog-posts\" data-id=\"552adfd5\" data-element_type=\"widget\" data-e-type=\"widget\" data-settings=\"{&quot;_animation&quot;:&quot;fadeIn&quot;}\" data-widget_type=\"elementskit-blog-posts.default\">\n\t\t\t\t<div class=\"elementor-widget-container\">\n\t\t\t\t\t<div class=\"ekit-wid-con\" >        <div id=\"post-items--552adfd5\" class=\"row post-items\" data-masonry-config=\"true\">\n                <\/div>\n       <\/div>\t\t\t\t<\/div>\n\t\t\t\t<\/div>\n\t\t\t\t\t<\/div>\n\t\t<\/div>\n\t\t\t\t\t<\/div>\n\t\t<\/section>\n\t\t\t\t<\/div>","protected":false},"excerpt":{"rendered":"<p>LATEST BLOG STEEC news An investment in a specialized tube cutting machine using a femtosecond laser source Alphacam our new software in the Rh\u00f4ne (69) Acquisition of new cutting-edge technology equipment for operational growth at STEEC New quality control machines in STEEC workshops<\/p>","protected":false},"author":1,"featured_media":0,"parent":0,"menu_order":0,"comment_status":"closed","ping_status":"closed","template":"elementor_header_footer","meta":{"footnotes":""},"class_list":["post-16","page","type-page","status-publish","hentry"],"yoast_head":"<!-- This site is optimized with the Yoast SEO plugin v27.4 - https:\/\/yoast.com\/product\/yoast-seo-wordpress\/ -->\n<title>Les actualit\u00e9s de STEEC - Sp\u00e9cialistes de microm\u00e9canique<\/title>\n<meta name=\"description\" content=\"D\u00e9couvrez les nouveaut\u00e9s de notre entreprise de microm\u00e9canique et d\u2019usinage par \u00e9lectro\u00e9rosion dans le Rh\u00f4ne.\" \/>\n<meta name=\"robots\" content=\"index, follow, max-snippet:-1, max-image-preview:large, max-video-preview:-1\" \/>\n<link rel=\"canonical\" href=\"https:\/\/steec.fr\/en\/news-2\/\" \/>\n<meta property=\"og:locale\" content=\"en_GB\" \/>\n<meta property=\"og:type\" content=\"article\" \/>\n<meta property=\"og:title\" content=\"Les actualit\u00e9s de STEEC - Sp\u00e9cialistes de microm\u00e9canique\" \/>\n<meta property=\"og:description\" content=\"D\u00e9couvrez les nouveaut\u00e9s de notre entreprise de microm\u00e9canique et d\u2019usinage par \u00e9lectro\u00e9rosion dans le Rh\u00f4ne.\" \/>\n<meta property=\"og:url\" content=\"https:\/\/steec.fr\/en\/news-2\/\" \/>\n<meta property=\"og:site_name\" content=\"STEEC\" \/>\n<meta property=\"article:modified_time\" content=\"2024-05-15T13:30:39+00:00\" \/>\n<meta property=\"og:image\" content=\"https:\/\/steec.fr\/wp-content\/uploads\/2024\/05\/telechargement.png\" \/>\n<meta name=\"twitter:card\" content=\"summary_large_image\" \/>\n<meta name=\"twitter:label1\" content=\"Estimated reading time\" \/>\n\t<meta name=\"twitter:data1\" content=\"2 minutes\" \/>\n<script type=\"application\/ld+json\" class=\"yoast-schema-graph\">{\"@context\":\"https:\\\/\\\/schema.org\",\"@graph\":[{\"@type\":\"WebPage\",\"@id\":\"https:\\\/\\\/steec.fr\\\/actualites\\\/\",\"url\":\"https:\\\/\\\/steec.fr\\\/actualites\\\/\",\"name\":\"Les actualit\u00e9s de STEEC - Sp\u00e9cialistes de microm\u00e9canique\",\"isPartOf\":{\"@id\":\"https:\\\/\\\/steec.fr\\\/#website\"},\"primaryImageOfPage\":{\"@id\":\"https:\\\/\\\/steec.fr\\\/actualites\\\/#primaryimage\"},\"image\":{\"@id\":\"https:\\\/\\\/steec.fr\\\/actualites\\\/#primaryimage\"},\"thumbnailUrl\":\"https:\\\/\\\/steec.fr\\\/wp-content\\\/uploads\\\/2024\\\/05\\\/telechargement.png\",\"datePublished\":\"2024-05-12T17:29:33+00:00\",\"dateModified\":\"2024-05-15T13:30:39+00:00\",\"description\":\"D\u00e9couvrez les nouveaut\u00e9s de notre entreprise de microm\u00e9canique et d\u2019usinage par \u00e9lectro\u00e9rosion dans le Rh\u00f4ne.\",\"breadcrumb\":{\"@id\":\"https:\\\/\\\/steec.fr\\\/actualites\\\/#breadcrumb\"},\"inLanguage\":\"en-GB\",\"potentialAction\":[{\"@type\":\"ReadAction\",\"target\":[\"https:\\\/\\\/steec.fr\\\/actualites\\\/\"]}]},{\"@type\":\"ImageObject\",\"inLanguage\":\"en-GB\",\"@id\":\"https:\\\/\\\/steec.fr\\\/actualites\\\/#primaryimage\",\"url\":\"https:\\\/\\\/steec.fr\\\/wp-content\\\/uploads\\\/2024\\\/05\\\/telechargement.png\",\"contentUrl\":\"https:\\\/\\\/steec.fr\\\/wp-content\\\/uploads\\\/2024\\\/05\\\/telechargement.png\"},{\"@type\":\"BreadcrumbList\",\"@id\":\"https:\\\/\\\/steec.fr\\\/actualites\\\/#breadcrumb\",\"itemListElement\":[{\"@type\":\"ListItem\",\"position\":1,\"name\":\"STEEC\",\"item\":\"https:\\\/\\\/steec.fr\\\/\"},{\"@type\":\"ListItem\",\"position\":2,\"name\":\"Actualit\u00e9s\"}]},{\"@type\":\"WebSite\",\"@id\":\"https:\\\/\\\/steec.fr\\\/#website\",\"url\":\"https:\\\/\\\/steec.fr\\\/\",\"name\":\"STEEC\",\"description\":\"STEEC\",\"alternateName\":\"STEEC\",\"potentialAction\":[{\"@type\":\"SearchAction\",\"target\":{\"@type\":\"EntryPoint\",\"urlTemplate\":\"https:\\\/\\\/steec.fr\\\/?s={search_term_string}\"},\"query-input\":{\"@type\":\"PropertyValueSpecification\",\"valueRequired\":true,\"valueName\":\"search_term_string\"}}],\"inLanguage\":\"en-GB\"}]}<\/script>\n<!-- \/ Yoast SEO plugin. -->","yoast_head_json":{"title":"STEEC news - Micromechanics specialists","description":"Discover the latest developments from our micromechanics and electroerosion machining company in the Rh\u00f4ne.","robots":{"index":"index","follow":"follow","max-snippet":"max-snippet:-1","max-image-preview":"max-image-preview:large","max-video-preview":"max-video-preview:-1"},"canonical":"https:\/\/steec.fr\/en\/news-2\/","og_locale":"en_GB","og_type":"article","og_title":"Les actualit\u00e9s de STEEC - Sp\u00e9cialistes de microm\u00e9canique","og_description":"D\u00e9couvrez les nouveaut\u00e9s de notre entreprise de microm\u00e9canique et d\u2019usinage par \u00e9lectro\u00e9rosion dans le Rh\u00f4ne.","og_url":"https:\/\/steec.fr\/en\/news-2\/","og_site_name":"STEEC","article_modified_time":"2024-05-15T13:30:39+00:00","og_image":[{"url":"https:\/\/steec.fr\/wp-content\/uploads\/2024\/05\/telechargement.png","type":"","width":"","height":""}],"twitter_card":"summary_large_image","twitter_misc":{"Estimated reading time":"2 minutes"},"schema":{"@context":"https:\/\/schema.org","@graph":[{"@type":"WebPage","@id":"https:\/\/steec.fr\/actualites\/","url":"https:\/\/steec.fr\/actualites\/","name":"STEEC news - Micromechanics specialists","isPartOf":{"@id":"https:\/\/steec.fr\/#website"},"primaryImageOfPage":{"@id":"https:\/\/steec.fr\/actualites\/#primaryimage"},"image":{"@id":"https:\/\/steec.fr\/actualites\/#primaryimage"},"thumbnailUrl":"https:\/\/steec.fr\/wp-content\/uploads\/2024\/05\/telechargement.png","datePublished":"2024-05-12T17:29:33+00:00","dateModified":"2024-05-15T13:30:39+00:00","description":"Discover the latest developments from our micromechanics and electroerosion machining company in the Rh\u00f4ne.","breadcrumb":{"@id":"https:\/\/steec.fr\/actualites\/#breadcrumb"},"inLanguage":"en-GB","potentialAction":[{"@type":"ReadAction","target":["https:\/\/steec.fr\/actualites\/"]}]},{"@type":"ImageObject","inLanguage":"en-GB","@id":"https:\/\/steec.fr\/actualites\/#primaryimage","url":"https:\/\/steec.fr\/wp-content\/uploads\/2024\/05\/telechargement.png","contentUrl":"https:\/\/steec.fr\/wp-content\/uploads\/2024\/05\/telechargement.png"},{"@type":"BreadcrumbList","@id":"https:\/\/steec.fr\/actualites\/#breadcrumb","itemListElement":[{"@type":"ListItem","position":1,"name":"STEEC","item":"https:\/\/steec.fr\/"},{"@type":"ListItem","position":2,"name":"Actualit\u00e9s"}]},{"@type":"WebSite","@id":"https:\/\/steec.fr\/#website","url":"https:\/\/steec.fr\/","name":"STEEC","description":"STEEC","alternateName":"STEEC","potentialAction":[{"@type":"SearchAction","target":{"@type":"EntryPoint","urlTemplate":"https:\/\/steec.fr\/?s={search_term_string}"},"query-input":{"@type":"PropertyValueSpecification","valueRequired":true,"valueName":"search_term_string"}}],"inLanguage":"en-GB"}]}},"_links":{"self":[{"href":"https:\/\/steec.fr\/en\/wp-json\/wp\/v2\/pages\/16","targetHints":{"allow":["GET"]}}],"collection":[{"href":"https:\/\/steec.fr\/en\/wp-json\/wp\/v2\/pages"}],"about":[{"href":"https:\/\/steec.fr\/en\/wp-json\/wp\/v2\/types\/page"}],"author":[{"embeddable":true,"href":"https:\/\/steec.fr\/en\/wp-json\/wp\/v2\/users\/1"}],"replies":[{"embeddable":true,"href":"https:\/\/steec.fr\/en\/wp-json\/wp\/v2\/comments?post=16"}],"version-history":[{"count":10,"href":"https:\/\/steec.fr\/en\/wp-json\/wp\/v2\/pages\/16\/revisions"}],"predecessor-version":[{"id":328,"href":"https:\/\/steec.fr\/en\/wp-json\/wp\/v2\/pages\/16\/revisions\/328"}],"wp:attachment":[{"href":"https:\/\/steec.fr\/en\/wp-json\/wp\/v2\/media?parent=16"}],"curies":[{"name":"wp","href":"https:\/\/api.w.org\/{rel}","templated":true}]}}