{"id":1459,"date":"2024-05-21T16:50:05","date_gmt":"2024-05-21T14:50:05","guid":{"rendered":"https:\/\/steec-dev.fr\/?page_id=1459"},"modified":"2024-05-22T09:30:08","modified_gmt":"2024-05-22T07:30:08","slug":"politique-de-confidentialite","status":"publish","type":"page","link":"https:\/\/steec.fr\/en\/privacy-policy\/","title":{"rendered":"Privacy Policy"},"content":{"rendered":"<style>.elementor-1459 .elementor-element.elementor-element-8980b70:not(.elementor-motion-effects-element-type-background), .elementor-1459 .elementor-element.elementor-element-8980b70 > .elementor-motion-effects-container > .elementor-motion-effects-layer{background-image:url(\"https:\/\/steec.fr\/wp-content\/uploads\/2024\/05\/P1105888.jpg\");background-position:center center;background-repeat:no-repeat;background-size:cover;}.elementor-1459 .elementor-element.elementor-element-8980b70 > .elementor-background-overlay{background-color:#000000;opacity:0.35;transition:background 0.3s, border-radius 0.3s, opacity 0.3s;}.elementor-1459 .elementor-element.elementor-element-8980b70 > .elementor-container{max-width:805px;min-height:55vh;}.elementor-1459 .elementor-element.elementor-element-8980b70{transition:background 0.3s, border 0.3s, border-radius 0.3s, box-shadow 0.3s;margin-top:-91px;margin-bottom:0px;padding:0% 0% 0% 0%;}.elementor-1459 .elementor-element.elementor-element-2431b2f > .elementor-element-populated{text-align:center;margin:5% 0% 0% 0%;--e-column-margin-right:0%;--e-column-margin-left:0%;}.elementor-1459 .elementor-element.elementor-element-2a6195c{font-family:\"Manrope\", Sans-serif;font-weight:600;text-transform:none;font-style:normal;text-decoration:none;color:#FFFFFF;}.elementor-1459 .elementor-element.elementor-element-2a6195c a{color:#FFFFFFE3;}.elementor-1459 .elementor-element.elementor-element-2a6195c a:hover{color:#FFFFFFA8;}.elementor-1459 .elementor-element.elementor-element-7e35ae6 > .elementor-widget-container{margin:0px 0px 0px 0px;}.elementor-1459 .elementor-element.elementor-element-7e35ae6{text-align:center;}.elementor-1459 .elementor-element.elementor-element-7e35ae6 .elementor-heading-title{font-family:\"Plus Jakarta Sans\", Sans-serif;font-size:51px;font-weight:900;line-height:55px;letter-spacing:-2px;color:#FFFFFF;}.elementor-1459 .elementor-element.elementor-element-c0e208a > .elementor-container > .elementor-column > .elementor-widget-wrap{align-content:center;align-items:center;}.elementor-1459 .elementor-element.elementor-element-c0e208a{margin-top:0%;margin-bottom:0%;padding:50px 20px 50px 20px;}.elementor-1459 .elementor-element.elementor-element-2cd93b5 > .elementor-element-populated{margin:0% 0% 0% 0%;--e-column-margin-right:0%;--e-column-margin-left:0%;}.elementor-1459 .elementor-element.elementor-element-e773f00 > .elementor-widget-container{margin:0px 0px 10px 0px;}.elementor-1459 .elementor-element.elementor-element-e773f00{text-align:left;}.elementor-1459 .elementor-element.elementor-element-e773f00 .elementor-heading-title{font-family:\"Steec\", Sans-serif;font-size:15px;font-weight:normal;text-transform:uppercase;line-height:34px;letter-spacing:1px;color:#2D8AB3;}.elementor-1459 .elementor-element.elementor-element-560d680{width:var( --container-widget-width, 95% );max-width:95%;--container-widget-width:95%;--container-widget-flex-grow:0;text-align:left;font-family:\"Manrope\", Sans-serif;font-size:16px;font-weight:500;line-height:25px;color:#444444;}@media(min-width:1025px){.elementor-1459 .elementor-element.elementor-element-8980b70:not(.elementor-motion-effects-element-type-background), .elementor-1459 .elementor-element.elementor-element-8980b70 > .elementor-motion-effects-container > .elementor-motion-effects-layer{background-attachment:fixed;}}@media(max-width:1024px){.elementor-1459 .elementor-element.elementor-element-8980b70 > .elementor-container{min-height:60vh;}.elementor-1459 .elementor-element.elementor-element-7e35ae6 .elementor-heading-title{font-size:60px;line-height:68px;}.elementor-1459 .elementor-element.elementor-element-c0e208a{padding:0px 0px 30px 0px;}.elementor-1459 .elementor-element.elementor-element-2cd93b5 > .elementor-element-populated{margin:0% 5% 0% 0%;--e-column-margin-right:5%;--e-column-margin-left:0%;}.elementor-1459 .elementor-element.elementor-element-560d680{font-size:16px;line-height:30px;}}@media(max-width:767px){.elementor-1459 .elementor-element.elementor-element-8980b70 > .elementor-container{min-height:41vh;}.elementor-1459 .elementor-element.elementor-element-8980b70{padding:50px 0px 0px 0px;}.elementor-1459 .elementor-element.elementor-element-7e35ae6 > .elementor-widget-container{margin:0px 0px 20px 0px;}.elementor-1459 .elementor-element.elementor-element-7e35ae6 .elementor-heading-title{font-size:30px;line-height:40px;letter-spacing:0px;}.elementor-1459 .elementor-element.elementor-element-c0e208a{padding:0px 0px 10px 0px;}.elementor-1459 .elementor-element.elementor-element-2cd93b5 > .elementor-element-populated{margin:0px 0px 30px 0px;--e-column-margin-right:0px;--e-column-margin-left:0px;}.elementor-1459 .elementor-element.elementor-element-e773f00 > .elementor-widget-container{margin:0px 0px 5px 0px;}.elementor-1459 .elementor-element.elementor-element-e773f00 .elementor-heading-title{font-size:15px;line-height:1em;}.elementor-1459 .elementor-element.elementor-element-560d680{width:100%;max-width:100%;font-size:15px;line-height:1.4em;}}\/* Start Custom Fonts CSS *\/@font-face {\n\tfont-family: 'Steec';\n\tfont-style: normal;\n\tfont-weight: normal;\n\tfont-display: auto;\n\tsrc: url('https:\/\/steec.fr\/wp-content\/uploads\/2024\/05\/l7gdbjpo0cum0ckerWCdlg_L.ttf') format('truetype');\n}\n\/* End Custom Fonts CSS *\/<\/style>\t\t<div data-elementor-type=\"wp-page\" data-elementor-id=\"1459\" class=\"elementor elementor-1459\" data-elementor-post-type=\"page\">\n\t\t\t\t\t\t<section class=\"elementor-section elementor-top-section elementor-element elementor-element-8980b70 elementor-section-height-min-height elementor-section-boxed elementor-section-height-default elementor-section-items-middle elementor-invisible\" data-id=\"8980b70\" data-element_type=\"section\" data-settings=\"{&quot;background_background&quot;:&quot;classic&quot;,&quot;animation&quot;:&quot;fadeIn&quot;}\">\n\t\t\t\t\t\t\t<div class=\"elementor-background-overlay\"><\/div>\n\t\t\t\t\t\t\t<div class=\"elementor-container elementor-column-gap-default\">\n\t\t\t\t\t<div class=\"elementor-column elementor-col-100 elementor-top-column elementor-element elementor-element-2431b2f\" data-id=\"2431b2f\" data-element_type=\"column\">\n\t\t\t<div class=\"elementor-widget-wrap elementor-element-populated\">\n\t\t\t\t\t\t<div class=\"elementor-element elementor-element-2a6195c elementor-widget elementor-widget-breadcrumbs\" data-id=\"2a6195c\" data-element_type=\"widget\" data-widget_type=\"breadcrumbs.default\">\n\t\t\t\t<div class=\"elementor-widget-container\">\n\t\t\t\t\t<p id=\"breadcrumbs\"><span><span><a href=\"https:\/\/steec.fr\/en\/\">STEEC<\/a><\/span><\/span><\/p>\t\t\t\t<\/div>\n\t\t\t\t<\/div>\n\t\t\t\t<div class=\"elementor-element elementor-element-7e35ae6 elementor-invisible elementor-widget elementor-widget-heading\" data-id=\"7e35ae6\" data-element_type=\"widget\" data-settings=\"{&quot;_animation&quot;:&quot;fadeInUp&quot;}\" data-widget_type=\"heading.default\">\n\t\t\t\t<div class=\"elementor-widget-container\">\n\t\t\t\t\t<h1 class=\"elementor-heading-title elementor-size-default\">Privacy Policy<\/h1>\t\t\t\t<\/div>\n\t\t\t\t<\/div>\n\t\t\t\t\t<\/div>\n\t\t<\/div>\n\t\t\t\t\t<\/div>\n\t\t<\/section>\n\t\t\t\t<section class=\"elementor-section elementor-top-section elementor-element elementor-element-3d65820 elementor-section-boxed elementor-section-height-default elementor-section-height-default\" data-id=\"3d65820\" data-element_type=\"section\">\n\t\t\t\t\t\t<div class=\"elementor-container elementor-column-gap-default\">\n\t\t\t\t\t<div class=\"elementor-column elementor-col-100 elementor-top-column elementor-element elementor-element-018460d\" data-id=\"018460d\" data-element_type=\"column\">\n\t\t\t<div class=\"elementor-widget-wrap elementor-element-populated\">\n\t\t\t\t\t\t<section class=\"elementor-section elementor-inner-section elementor-element elementor-element-c0e208a elementor-section-content-middle elementor-section-boxed elementor-section-height-default elementor-section-height-default\" data-id=\"c0e208a\" data-element_type=\"section\">\n\t\t\t\t\t\t<div class=\"elementor-container elementor-column-gap-default\">\n\t\t\t\t\t<div class=\"elementor-column elementor-col-100 elementor-inner-column elementor-element elementor-element-2cd93b5 elementor-invisible\" data-id=\"2cd93b5\" data-element_type=\"column\" data-settings=\"{&quot;animation&quot;:&quot;fadeIn&quot;}\">\n\t\t\t<div class=\"elementor-widget-wrap elementor-element-populated\">\n\t\t\t\t\t\t<div class=\"elementor-element elementor-element-e773f00 elementor-widget elementor-widget-heading\" data-id=\"e773f00\" data-element_type=\"widget\" data-widget_type=\"heading.default\">\n\t\t\t\t<div class=\"elementor-widget-container\">\n\t\t\t\t\t<h2 class=\"elementor-heading-title elementor-size-default\">steec.fr privacy policy<\/h2>\t\t\t\t<\/div>\n\t\t\t\t<\/div>\n\t\t\t\t<div class=\"elementor-element elementor-element-560d680 elementor-widget__width-initial elementor-widget-mobile__width-inherit elementor-widget elementor-widget-text-editor\" data-id=\"560d680\" data-element_type=\"widget\" data-widget_type=\"text-editor.default\">\n\t\t\t\t<div class=\"elementor-widget-container\">\n\t\t\t\t\t\t\t\t\t<p>This Privacy Policy describes SAS STEEC&#039;s policies on the collection, use and disclosure of your information. that we collect when you use our website (https:\/\/steec.fr). <br>By accessing or using the Service, you consent to the collection, use and disclosure of your information in accordance with this Privacy Policy. If you do not agree, please do not access or use the Service.<\/p>\n<p>We may change this Privacy Policy at any time without notice and will post the revised Privacy Policy on the Service. The revised Policy will be effective 180 days from the date the revised Policy is posted on the Service and your continued access or use of the Service after such period will constitute your acceptance of the revised Privacy Policy. We therefore recommend that you consult this page periodically.<\/p>\n<h2>INFORMATION WE COLLECT:<\/h2>\n<p>We will collect and process the following personal information:<\/p>\n<ul class=\"doted\">\n<li class=\"doted\">Last name First Name<\/li><li class=\"doted\">Social reason of the company<\/li>\n<li class=\"doted\">E-mail address<\/li>\n<li class=\"doted\">Phone number<\/li>\n<\/ul>\n<h2>HOW WE USE YOUR INFORMATION:<\/h2>\n<p>We will use the information we collect about you for the following purposes:<\/p>\n<h3>Marketing\/Promotion<\/h3>\n<p>If we wish to use your information for other purposes, we will ask for your consent and will only use your information after receiving your consent and then only for the purposes for which we grant your consent, unless we are required to do so. otherwise by law.<\/p>\n<h2>STORAGE OF YOUR INFORMATION:<\/h2>\n<p>We will retain your personal information with us for 90 days or as long as we need it to fulfill the purposes for which it was collected, as detailed in this Privacy Policy. We may need to retain certain information for longer periods, such as for recordkeeping\/reporting in accordance with applicable law or for other legitimate reasons such as enforcement of legal rights, fraud prevention, etc. Residual anonymous information and aggregate information, none of which identifies you (directly or indirectly), may be retained indefinitely.<\/p>\n<h2>YOUR RIGHTS:<\/h2>\n<p>Depending on applicable law, you may have a right to access and rectify or erase your personal data or receive a copy of your personal data, restrict or object to the active processing of your data, ask us to share (port ) your personal data. information to another entity, withdraw any consent you have provided to us to process your data, the right to lodge a complaint with a statutory authority and any other rights that may be relevant under applicable laws. To exercise these rights, you can write to us at contact@steec-apmv.fr. We will respond to your request in accordance with applicable law.<\/p>\n<p>Please note that if you do not authorize us to collect or process the requested personal information or if you withdraw consent to its processing for the required purposes, you may not be able to access or use the services for which your information was sought .<\/p>\n<h2>COOKIES, ETC.<\/h2>\n<p>To learn more about how we use them and your choices regarding these tracking technologies, please refer to our Cookie Policy.<\/p>\n<h2>SECURITY:<\/h2>\n<p>The security of your information is important to us and we will use reasonable security measures to prevent the loss, misuse or unauthorized modification of your information under our control. However, given the inherent risks, we cannot guarantee absolute security and, therefore, we cannot ensure or warrant the security of any information you transmit to us and you do so at your own risk.<\/p>\n<h2>DATA PROTECTION OFFICER:<\/h2>\n<p>If you have any questions or concerns regarding the processing of your information that we have, you can send an email to our Complaints Manager at SAS STEEC \u2013 88 rue Pr\u00e9 Magn\u00e9 69126 Brindas.<\/p>\n<p>We will address your concerns in accordance with applicable law.<\/p>\n<p><\/p>\t\t\t\t\t\t\t\t<\/div>\n\t\t\t\t<\/div>\n\t\t\t\t\t<\/div>\n\t\t<\/div>\n\t\t\t\t\t<\/div>\n\t\t<\/section>\n\t\t\t\t\t<\/div>\n\t\t<\/div>\n\t\t\t\t\t<\/div>\n\t\t<\/section>\n\t\t\t\t<\/div>","protected":false},"excerpt":{"rendered":"<p>Politique de confidentialit\u00e9 politique de confidentialit\u00e9 de steec.fr Cette Politique de Confidentialit\u00e9 d\u00e9crit les politiques de SAS STEEC, sur la collecte, l\u2019utilisation et la divulgation de vos informations. que nous collectons lorsque vous utilisez notre site Internet (https:\/\/steec.fr). En acc\u00e9dant ou en utilisant le Service, vous consentez \u00e0 la collecte, \u00e0 l\u2019utilisation et \u00e0 la [&hellip;]<\/p>\n","protected":false},"author":2,"featured_media":0,"parent":0,"menu_order":0,"comment_status":"closed","ping_status":"closed","template":"","meta":{"footnotes":""},"class_list":["post-1459","page","type-page","status-publish","hentry"],"yoast_head":"<!-- This site is optimized with the Yoast SEO plugin v26.6 - https:\/\/yoast.com\/wordpress\/plugins\/seo\/ -->\n<title>Politique de confidentialit\u00e9 - STEEC<\/title>\n<meta name=\"robots\" content=\"noindex, nofollow\" \/>\n<meta property=\"og:locale\" content=\"en_GB\" \/>\n<meta property=\"og:type\" content=\"article\" \/>\n<meta property=\"og:title\" content=\"Politique de confidentialit\u00e9 - STEEC\" \/>\n<meta property=\"og:description\" content=\"Politique de confidentialit\u00e9 politique de confidentialit\u00e9 de steec.fr Cette Politique de Confidentialit\u00e9 d\u00e9crit les politiques de SAS STEEC, sur la collecte, l\u2019utilisation et la divulgation de vos informations. que nous collectons lorsque vous utilisez notre site Internet (https:\/\/steec.fr). En acc\u00e9dant ou en utilisant le Service, vous consentez \u00e0 la collecte, \u00e0 l\u2019utilisation et \u00e0 la [&hellip;]\" \/>\n<meta property=\"og:url\" content=\"https:\/\/steec.fr\/en\/privacy-policy\/\" \/>\n<meta property=\"og:site_name\" content=\"STEEC\" \/>\n<meta property=\"article:modified_time\" content=\"2024-05-22T07:30:08+00:00\" \/>\n<meta name=\"twitter:card\" content=\"summary_large_image\" \/>\n<meta name=\"twitter:label1\" content=\"Estimated reading time\" \/>\n\t<meta name=\"twitter:data1\" content=\"4 minutes\" \/>\n<script type=\"application\/ld+json\" class=\"yoast-schema-graph\">{\"@context\":\"https:\/\/schema.org\",\"@graph\":[{\"@type\":\"WebPage\",\"@id\":\"https:\/\/steec.fr\/en\/politique-de-confidentialite\/\",\"url\":\"https:\/\/steec.fr\/en\/politique-de-confidentialite\/\",\"name\":\"Politique de confidentialit\u00e9 - STEEC\",\"isPartOf\":{\"@id\":\"https:\/\/steec.fr\/#website\"},\"datePublished\":\"2024-05-21T14:50:05+00:00\",\"dateModified\":\"2024-05-22T07:30:08+00:00\",\"breadcrumb\":{\"@id\":\"https:\/\/steec.fr\/en\/politique-de-confidentialite\/#breadcrumb\"},\"inLanguage\":\"en-GB\",\"potentialAction\":[{\"@type\":\"ReadAction\",\"target\":[\"https:\/\/steec.fr\/en\/politique-de-confidentialite\/\"]}]},{\"@type\":\"BreadcrumbList\",\"@id\":\"https:\/\/steec.fr\/en\/politique-de-confidentialite\/#breadcrumb\",\"itemListElement\":[{\"@type\":\"ListItem\",\"position\":1,\"name\":\"STEEC\",\"item\":\"https:\/\/steec.fr\/\"},{\"@type\":\"ListItem\",\"position\":2,\"name\":\"Politique de confidentialit\u00e9\"}]},{\"@type\":\"WebSite\",\"@id\":\"https:\/\/steec.fr\/#website\",\"url\":\"https:\/\/steec.fr\/\",\"name\":\"STEEC\",\"description\":\"STEEC\",\"alternateName\":\"STEEC\",\"potentialAction\":[{\"@type\":\"SearchAction\",\"target\":{\"@type\":\"EntryPoint\",\"urlTemplate\":\"https:\/\/steec.fr\/?s={search_term_string}\"},\"query-input\":{\"@type\":\"PropertyValueSpecification\",\"valueRequired\":true,\"valueName\":\"search_term_string\"}}],\"inLanguage\":\"en-GB\"}]}<\/script>\n<!-- \/ Yoast SEO plugin. -->","yoast_head_json":{"title":"Privacy policy - STEEC","robots":{"index":"noindex","follow":"nofollow"},"og_locale":"en_GB","og_type":"article","og_title":"Politique de confidentialit\u00e9 - STEEC","og_description":"Politique de confidentialit\u00e9 politique de confidentialit\u00e9 de steec.fr Cette Politique de Confidentialit\u00e9 d\u00e9crit les politiques de SAS STEEC, sur la collecte, l\u2019utilisation et la divulgation de vos informations. que nous collectons lorsque vous utilisez notre site Internet (https:\/\/steec.fr). En acc\u00e9dant ou en utilisant le Service, vous consentez \u00e0 la collecte, \u00e0 l\u2019utilisation et \u00e0 la [&hellip;]","og_url":"https:\/\/steec.fr\/en\/privacy-policy\/","og_site_name":"STEEC","article_modified_time":"2024-05-22T07:30:08+00:00","twitter_card":"summary_large_image","twitter_misc":{"Estimated reading time":"4 minutes"},"schema":{"@context":"https:\/\/schema.org","@graph":[{"@type":"WebPage","@id":"https:\/\/steec.fr\/en\/politique-de-confidentialite\/","url":"https:\/\/steec.fr\/en\/politique-de-confidentialite\/","name":"Privacy policy - STEEC","isPartOf":{"@id":"https:\/\/steec.fr\/#website"},"datePublished":"2024-05-21T14:50:05+00:00","dateModified":"2024-05-22T07:30:08+00:00","breadcrumb":{"@id":"https:\/\/steec.fr\/en\/politique-de-confidentialite\/#breadcrumb"},"inLanguage":"en-GB","potentialAction":[{"@type":"ReadAction","target":["https:\/\/steec.fr\/en\/politique-de-confidentialite\/"]}]},{"@type":"BreadcrumbList","@id":"https:\/\/steec.fr\/en\/politique-de-confidentialite\/#breadcrumb","itemListElement":[{"@type":"ListItem","position":1,"name":"STEEC","item":"https:\/\/steec.fr\/"},{"@type":"ListItem","position":2,"name":"Politique de confidentialit\u00e9"}]},{"@type":"WebSite","@id":"https:\/\/steec.fr\/#website","url":"https:\/\/steec.fr\/","name":"STEEC","description":"STEEC","alternateName":"STEEC","potentialAction":[{"@type":"SearchAction","target":{"@type":"EntryPoint","urlTemplate":"https:\/\/steec.fr\/?s={search_term_string}"},"query-input":{"@type":"PropertyValueSpecification","valueRequired":true,"valueName":"search_term_string"}}],"inLanguage":"en-GB"}]}},"_links":{"self":[{"href":"https:\/\/steec.fr\/en\/wp-json\/wp\/v2\/pages\/1459","targetHints":{"allow":["GET"]}}],"collection":[{"href":"https:\/\/steec.fr\/en\/wp-json\/wp\/v2\/pages"}],"about":[{"href":"https:\/\/steec.fr\/en\/wp-json\/wp\/v2\/types\/page"}],"author":[{"embeddable":true,"href":"https:\/\/steec.fr\/en\/wp-json\/wp\/v2\/users\/2"}],"replies":[{"embeddable":true,"href":"https:\/\/steec.fr\/en\/wp-json\/wp\/v2\/comments?post=1459"}],"version-history":[{"count":7,"href":"https:\/\/steec.fr\/en\/wp-json\/wp\/v2\/pages\/1459\/revisions"}],"predecessor-version":[{"id":1621,"href":"https:\/\/steec.fr\/en\/wp-json\/wp\/v2\/pages\/1459\/revisions\/1621"}],"wp:attachment":[{"href":"https:\/\/steec.fr\/en\/wp-json\/wp\/v2\/media?parent=1459"}],"curies":[{"name":"wp","href":"https:\/\/api.w.org\/{rel}","templated":true}]}}