{"id":1453,"date":"2024-05-21T16:45:08","date_gmt":"2024-05-21T14:45:08","guid":{"rendered":"https:\/\/steec-dev.fr\/?page_id=1453"},"modified":"2024-05-21T16:48:59","modified_gmt":"2024-05-21T14:48:59","slug":"cookies","status":"publish","type":"page","link":"https:\/\/steec.fr\/en\/cookies\/","title":{"rendered":"Cookies"},"content":{"rendered":"<style>.elementor-1453 .elementor-element.elementor-element-de889d6:not(.elementor-motion-effects-element-type-background), .elementor-1453 .elementor-element.elementor-element-de889d6 > .elementor-motion-effects-container > .elementor-motion-effects-layer{background-image:url(\"https:\/\/steec.fr\/wp-content\/uploads\/2024\/05\/P1105876.jpg\");background-position:center center;background-repeat:no-repeat;background-size:cover;}.elementor-1453 .elementor-element.elementor-element-de889d6 > .elementor-background-overlay{background-color:#000000;opacity:0.35;transition:background 0.3s, border-radius 0.3s, opacity 0.3s;}.elementor-1453 .elementor-element.elementor-element-de889d6 > .elementor-container{max-width:805px;min-height:55vh;}.elementor-1453 .elementor-element.elementor-element-de889d6{transition:background 0.3s, border 0.3s, border-radius 0.3s, box-shadow 0.3s;margin-top:-91px;margin-bottom:0px;padding:0% 0% 0% 0%;}.elementor-1453 .elementor-element.elementor-element-a8e309e > .elementor-element-populated{text-align:center;margin:5% 0% 0% 0%;--e-column-margin-right:0%;--e-column-margin-left:0%;}.elementor-1453 .elementor-element.elementor-element-c2b7619{font-family:\"Manrope\", Sans-serif;font-weight:600;text-transform:none;font-style:normal;text-decoration:none;color:#FFFFFF;}.elementor-1453 .elementor-element.elementor-element-c2b7619 a{color:#FFFFFFE3;}.elementor-1453 .elementor-element.elementor-element-c2b7619 a:hover{color:#FFFFFFA8;}.elementor-1453 .elementor-element.elementor-element-20a87f1 > .elementor-widget-container{margin:0px 0px 0px 0px;}.elementor-1453 .elementor-element.elementor-element-20a87f1{text-align:center;}.elementor-1453 .elementor-element.elementor-element-20a87f1 .elementor-heading-title{font-family:\"Plus Jakarta Sans\", Sans-serif;font-size:51px;font-weight:900;line-height:55px;letter-spacing:-2px;color:#FFFFFF;}.elementor-1453 .elementor-element.elementor-element-cd1f2c2 > .elementor-container > .elementor-column > .elementor-widget-wrap{align-content:center;align-items:center;}.elementor-1453 .elementor-element.elementor-element-cd1f2c2{margin-top:0%;margin-bottom:0%;padding:50px 20px 50px 20px;}.elementor-1453 .elementor-element.elementor-element-b5f0f23 > .elementor-element-populated{margin:0% 0% 0% 0%;--e-column-margin-right:0%;--e-column-margin-left:0%;}.elementor-1453 .elementor-element.elementor-element-7418e5f > .elementor-widget-container{margin:0px 0px 10px 0px;}.elementor-1453 .elementor-element.elementor-element-7418e5f{text-align:left;}.elementor-1453 .elementor-element.elementor-element-7418e5f .elementor-heading-title{font-family:\"Steec\", Sans-serif;font-size:15px;font-weight:normal;text-transform:uppercase;line-height:34px;letter-spacing:1px;color:#2D8AB3;}.elementor-1453 .elementor-element.elementor-element-a556e85{width:var( --container-widget-width, 95% );max-width:95%;--container-widget-width:95%;--container-widget-flex-grow:0;text-align:left;font-family:\"Manrope\", Sans-serif;font-size:16px;font-weight:500;line-height:25px;color:#444444;}@media(min-width:1025px){.elementor-1453 .elementor-element.elementor-element-de889d6:not(.elementor-motion-effects-element-type-background), .elementor-1453 .elementor-element.elementor-element-de889d6 > .elementor-motion-effects-container > .elementor-motion-effects-layer{background-attachment:fixed;}}@media(max-width:1024px){.elementor-1453 .elementor-element.elementor-element-de889d6 > .elementor-container{min-height:60vh;}.elementor-1453 .elementor-element.elementor-element-20a87f1 .elementor-heading-title{font-size:60px;line-height:68px;}.elementor-1453 .elementor-element.elementor-element-cd1f2c2{padding:0px 0px 30px 0px;}.elementor-1453 .elementor-element.elementor-element-b5f0f23 > .elementor-element-populated{margin:0% 5% 0% 0%;--e-column-margin-right:5%;--e-column-margin-left:0%;}.elementor-1453 .elementor-element.elementor-element-a556e85{font-size:16px;line-height:30px;}}@media(max-width:767px){.elementor-1453 .elementor-element.elementor-element-de889d6 > .elementor-container{min-height:41vh;}.elementor-1453 .elementor-element.elementor-element-de889d6{padding:50px 0px 0px 0px;}.elementor-1453 .elementor-element.elementor-element-20a87f1 > .elementor-widget-container{margin:0px 0px 20px 0px;}.elementor-1453 .elementor-element.elementor-element-20a87f1 .elementor-heading-title{font-size:30px;line-height:40px;letter-spacing:0px;}.elementor-1453 .elementor-element.elementor-element-cd1f2c2{padding:0px 0px 10px 0px;}.elementor-1453 .elementor-element.elementor-element-b5f0f23 > .elementor-element-populated{margin:0px 0px 30px 0px;--e-column-margin-right:0px;--e-column-margin-left:0px;}.elementor-1453 .elementor-element.elementor-element-7418e5f > .elementor-widget-container{margin:0px 0px 5px 0px;}.elementor-1453 .elementor-element.elementor-element-7418e5f .elementor-heading-title{font-size:15px;line-height:1em;}.elementor-1453 .elementor-element.elementor-element-a556e85{width:100%;max-width:100%;font-size:15px;line-height:1.4em;}}\/* Start Custom Fonts CSS *\/@font-face {\n\tfont-family: 'Steec';\n\tfont-style: normal;\n\tfont-weight: normal;\n\tfont-display: auto;\n\tsrc: url('https:\/\/steec.fr\/wp-content\/uploads\/2024\/05\/l7gdbjpo0cum0ckerWCdlg_L.ttf') format('truetype');\n}\n\/* End Custom Fonts CSS *\/<\/style>\t\t<div data-elementor-type=\"wp-page\" data-elementor-id=\"1453\" class=\"elementor elementor-1453\" data-elementor-post-type=\"page\">\n\t\t\t\t\t\t<section class=\"elementor-section elementor-top-section elementor-element elementor-element-de889d6 elementor-section-height-min-height elementor-section-boxed elementor-section-height-default elementor-section-items-middle elementor-invisible\" data-id=\"de889d6\" data-element_type=\"section\" data-settings=\"{&quot;background_background&quot;:&quot;classic&quot;,&quot;animation&quot;:&quot;fadeIn&quot;}\">\n\t\t\t\t\t\t\t<div class=\"elementor-background-overlay\"><\/div>\n\t\t\t\t\t\t\t<div class=\"elementor-container elementor-column-gap-default\">\n\t\t\t\t\t<div class=\"elementor-column elementor-col-100 elementor-top-column elementor-element elementor-element-a8e309e\" data-id=\"a8e309e\" data-element_type=\"column\">\n\t\t\t<div class=\"elementor-widget-wrap elementor-element-populated\">\n\t\t\t\t\t\t<div class=\"elementor-element elementor-element-c2b7619 elementor-widget elementor-widget-breadcrumbs\" data-id=\"c2b7619\" data-element_type=\"widget\" data-widget_type=\"breadcrumbs.default\">\n\t\t\t\t<div class=\"elementor-widget-container\">\n\t\t\t\t\t<p id=\"breadcrumbs\"><span><span><a href=\"https:\/\/steec.fr\/en\/\">STEEC<\/a><\/span><\/span><\/p>\t\t\t\t<\/div>\n\t\t\t\t<\/div>\n\t\t\t\t<div class=\"elementor-element elementor-element-20a87f1 elementor-invisible elementor-widget elementor-widget-heading\" data-id=\"20a87f1\" data-element_type=\"widget\" data-settings=\"{&quot;_animation&quot;:&quot;fadeInUp&quot;}\" data-widget_type=\"heading.default\">\n\t\t\t\t<div class=\"elementor-widget-container\">\n\t\t\t\t\t<h1 class=\"elementor-heading-title elementor-size-default\">Cookies<\/h1>\t\t\t\t<\/div>\n\t\t\t\t<\/div>\n\t\t\t\t\t<\/div>\n\t\t<\/div>\n\t\t\t\t\t<\/div>\n\t\t<\/section>\n\t\t\t\t<section class=\"elementor-section elementor-top-section elementor-element elementor-element-7de8290 elementor-section-boxed elementor-section-height-default elementor-section-height-default\" data-id=\"7de8290\" data-element_type=\"section\">\n\t\t\t\t\t\t<div class=\"elementor-container elementor-column-gap-default\">\n\t\t\t\t\t<div class=\"elementor-column elementor-col-100 elementor-top-column elementor-element elementor-element-c745747\" data-id=\"c745747\" data-element_type=\"column\">\n\t\t\t<div class=\"elementor-widget-wrap elementor-element-populated\">\n\t\t\t\t\t\t<section class=\"elementor-section elementor-inner-section elementor-element elementor-element-cd1f2c2 elementor-section-content-middle elementor-section-boxed elementor-section-height-default elementor-section-height-default\" data-id=\"cd1f2c2\" data-element_type=\"section\">\n\t\t\t\t\t\t<div class=\"elementor-container elementor-column-gap-default\">\n\t\t\t\t\t<div class=\"elementor-column elementor-col-100 elementor-inner-column elementor-element elementor-element-b5f0f23 elementor-invisible\" data-id=\"b5f0f23\" data-element_type=\"column\" data-settings=\"{&quot;animation&quot;:&quot;fadeIn&quot;}\">\n\t\t\t<div class=\"elementor-widget-wrap elementor-element-populated\">\n\t\t\t\t\t\t<div class=\"elementor-element elementor-element-7418e5f elementor-widget elementor-widget-heading\" data-id=\"7418e5f\" data-element_type=\"widget\" data-widget_type=\"heading.default\">\n\t\t\t\t<div class=\"elementor-widget-container\">\n\t\t\t\t\t<h2 class=\"elementor-heading-title elementor-size-default\">steec.fr cookie policy<\/h2>\t\t\t\t<\/div>\n\t\t\t\t<\/div>\n\t\t\t\t<div class=\"elementor-element elementor-element-a556e85 elementor-widget__width-initial elementor-widget-mobile__width-inherit elementor-widget elementor-widget-text-editor\" data-id=\"a556e85\" data-element_type=\"widget\" data-widget_type=\"text-editor.default\">\n\t\t\t\t<div class=\"elementor-widget-container\">\n\t\t\t\t\t\t\t\t\t<h2>Introduction<\/h2><p>As part of its activity, the company SAS STEEC collects and processes information, some of which is qualified as \u201cpersonal data\u201d. SAS STEEC attaches great importance to respect for privacy, and only uses data in a responsible and confidential manner and for a specific purpose.<\/p><h2>Personal data<\/h2><p>On the website https:\/\/steec.fr, there are 2 types of data that may be collected:<\/p><p><strong>Data transmitted directly<\/strong><br \/>These data are those that you transmit to us directly, via a contact form or by direct contact by email. The fields \u201cfirst and last name\u201d, \u201ccompany or organization\u201d and \u201cemail\u201d are required in the contact form.<\/p><p><strong>Data collected automatically<\/strong><br \/>During your visits, once your consent has been given, we may collect \u201cweb analytics\u201d type information relating to your browsing, the duration of your consultation, your IP address, your browser type and version. The technology used is cookies.<\/p><h2>Use of data<\/h2><p>The data that you transmit to us directly is used for the purpose of re-contacting you and\/or as part of the request you make to us. \u201cWeb analytics\u201d data is collected anonymously (by recording anonymous IP addresses) by Google Analytics, and allows us to measure the audience of our website, consultations and possible errors in order to constantly improve the experience. users. This data is used by SAS STEEC, responsible for data processing, and will never be transferred to a third party or used for purposes other than those detailed above.<\/p><h2>Legal basis<\/h2><p>Personal data is only collected after mandatory consent from the user. This consent is validly collected (buttons and check boxes), free, clear and unequivocal.<\/p><h2>The duration of the conversation<\/h2><p>The data will be saved for a maximum period of 3 years.<\/p><h2>Cookies<\/h2><p>Here is the list of cookies used and their purpose:<\/p><p><strong>\u2013 Google Analytics cookies: Web analytics, visit tracking.<\/strong><\/p><p>Your rights regarding personal data<br \/>You have the right to consult, request modification or deletion of all of your personal data. You can also withdraw your consent to the processing of your data.<\/p><p><strong>Data protection delegate contact:<\/strong><br \/>Mr. Adrien ROLLAND \u2013 contact@steec-apmv.fr<\/p>\t\t\t\t\t\t\t\t<\/div>\n\t\t\t\t<\/div>\n\t\t\t\t\t<\/div>\n\t\t<\/div>\n\t\t\t\t\t<\/div>\n\t\t<\/section>\n\t\t\t\t\t<\/div>\n\t\t<\/div>\n\t\t\t\t\t<\/div>\n\t\t<\/section>\n\t\t\t\t<\/div>","protected":false},"excerpt":{"rendered":"<p>Cookies politique de cookies de steec.fr Introduction Dans le cadre de son activit\u00e9, la soci\u00e9t\u00e9 SAS STEEC est amen\u00e9e \u00e0 collecter et \u00e0 traiter des informations dont certaines sont qualifi\u00e9es de \u00ab donn\u00e9es personnelles \u00bb. SAS STEEC attache une grande importance au respect de la vie priv\u00e9e, et n\u2019utilise que des donnes de mani\u00e8re responsable [&hellip;]<\/p>\n","protected":false},"author":2,"featured_media":0,"parent":0,"menu_order":0,"comment_status":"closed","ping_status":"closed","template":"","meta":{"footnotes":""},"class_list":["post-1453","page","type-page","status-publish","hentry"],"yoast_head":"<!-- This site is optimized with the Yoast SEO plugin v26.6 - https:\/\/yoast.com\/wordpress\/plugins\/seo\/ -->\n<title>Cookies - STEEC<\/title>\n<meta name=\"robots\" content=\"noindex, nofollow\" \/>\n<meta property=\"og:locale\" content=\"en_GB\" \/>\n<meta property=\"og:type\" content=\"article\" \/>\n<meta property=\"og:title\" content=\"Cookies - STEEC\" \/>\n<meta property=\"og:description\" content=\"Cookies politique de cookies de steec.fr Introduction Dans le cadre de son activit\u00e9, la soci\u00e9t\u00e9 SAS STEEC est amen\u00e9e \u00e0 collecter et \u00e0 traiter des informations dont certaines sont qualifi\u00e9es de \u00ab donn\u00e9es personnelles \u00bb. SAS STEEC attache une grande importance au respect de la vie priv\u00e9e, et n\u2019utilise que des donnes de mani\u00e8re responsable [&hellip;]\" \/>\n<meta property=\"og:url\" content=\"https:\/\/steec.fr\/en\/cookies\/\" \/>\n<meta property=\"og:site_name\" content=\"STEEC\" \/>\n<meta property=\"article:modified_time\" content=\"2024-05-21T14:48:59+00:00\" \/>\n<meta name=\"twitter:card\" content=\"summary_large_image\" \/>\n<meta name=\"twitter:label1\" content=\"Estimated reading time\" \/>\n\t<meta name=\"twitter:data1\" content=\"2 minutes\" \/>\n<script type=\"application\/ld+json\" class=\"yoast-schema-graph\">{\"@context\":\"https:\/\/schema.org\",\"@graph\":[{\"@type\":\"WebPage\",\"@id\":\"https:\/\/steec.fr\/cookies\/\",\"url\":\"https:\/\/steec.fr\/cookies\/\",\"name\":\"Cookies - STEEC\",\"isPartOf\":{\"@id\":\"https:\/\/steec.fr\/#website\"},\"datePublished\":\"2024-05-21T14:45:08+00:00\",\"dateModified\":\"2024-05-21T14:48:59+00:00\",\"breadcrumb\":{\"@id\":\"https:\/\/steec.fr\/cookies\/#breadcrumb\"},\"inLanguage\":\"en-GB\",\"potentialAction\":[{\"@type\":\"ReadAction\",\"target\":[\"https:\/\/steec.fr\/cookies\/\"]}]},{\"@type\":\"BreadcrumbList\",\"@id\":\"https:\/\/steec.fr\/cookies\/#breadcrumb\",\"itemListElement\":[{\"@type\":\"ListItem\",\"position\":1,\"name\":\"STEEC\",\"item\":\"https:\/\/steec.fr\/\"},{\"@type\":\"ListItem\",\"position\":2,\"name\":\"Cookies\"}]},{\"@type\":\"WebSite\",\"@id\":\"https:\/\/steec.fr\/#website\",\"url\":\"https:\/\/steec.fr\/\",\"name\":\"STEEC\",\"description\":\"STEEC\",\"alternateName\":\"STEEC\",\"potentialAction\":[{\"@type\":\"SearchAction\",\"target\":{\"@type\":\"EntryPoint\",\"urlTemplate\":\"https:\/\/steec.fr\/?s={search_term_string}\"},\"query-input\":{\"@type\":\"PropertyValueSpecification\",\"valueRequired\":true,\"valueName\":\"search_term_string\"}}],\"inLanguage\":\"en-GB\"}]}<\/script>\n<!-- \/ Yoast SEO plugin. -->","yoast_head_json":{"title":"Cookies - STEEC","robots":{"index":"noindex","follow":"nofollow"},"og_locale":"en_GB","og_type":"article","og_title":"Cookies - STEEC","og_description":"Cookies politique de cookies de steec.fr Introduction Dans le cadre de son activit\u00e9, la soci\u00e9t\u00e9 SAS STEEC est amen\u00e9e \u00e0 collecter et \u00e0 traiter des informations dont certaines sont qualifi\u00e9es de \u00ab donn\u00e9es personnelles \u00bb. SAS STEEC attache une grande importance au respect de la vie priv\u00e9e, et n\u2019utilise que des donnes de mani\u00e8re responsable [&hellip;]","og_url":"https:\/\/steec.fr\/en\/cookies\/","og_site_name":"STEEC","article_modified_time":"2024-05-21T14:48:59+00:00","twitter_card":"summary_large_image","twitter_misc":{"Estimated reading time":"2 minutes"},"schema":{"@context":"https:\/\/schema.org","@graph":[{"@type":"WebPage","@id":"https:\/\/steec.fr\/cookies\/","url":"https:\/\/steec.fr\/cookies\/","name":"Cookies - STEEC","isPartOf":{"@id":"https:\/\/steec.fr\/#website"},"datePublished":"2024-05-21T14:45:08+00:00","dateModified":"2024-05-21T14:48:59+00:00","breadcrumb":{"@id":"https:\/\/steec.fr\/cookies\/#breadcrumb"},"inLanguage":"en-GB","potentialAction":[{"@type":"ReadAction","target":["https:\/\/steec.fr\/cookies\/"]}]},{"@type":"BreadcrumbList","@id":"https:\/\/steec.fr\/cookies\/#breadcrumb","itemListElement":[{"@type":"ListItem","position":1,"name":"STEEC","item":"https:\/\/steec.fr\/"},{"@type":"ListItem","position":2,"name":"Cookies"}]},{"@type":"WebSite","@id":"https:\/\/steec.fr\/#website","url":"https:\/\/steec.fr\/","name":"STEEC","description":"STEEC","alternateName":"STEEC","potentialAction":[{"@type":"SearchAction","target":{"@type":"EntryPoint","urlTemplate":"https:\/\/steec.fr\/?s={search_term_string}"},"query-input":{"@type":"PropertyValueSpecification","valueRequired":true,"valueName":"search_term_string"}}],"inLanguage":"en-GB"}]}},"_links":{"self":[{"href":"https:\/\/steec.fr\/en\/wp-json\/wp\/v2\/pages\/1453","targetHints":{"allow":["GET"]}}],"collection":[{"href":"https:\/\/steec.fr\/en\/wp-json\/wp\/v2\/pages"}],"about":[{"href":"https:\/\/steec.fr\/en\/wp-json\/wp\/v2\/types\/page"}],"author":[{"embeddable":true,"href":"https:\/\/steec.fr\/en\/wp-json\/wp\/v2\/users\/2"}],"replies":[{"embeddable":true,"href":"https:\/\/steec.fr\/en\/wp-json\/wp\/v2\/comments?post=1453"}],"version-history":[{"count":4,"href":"https:\/\/steec.fr\/en\/wp-json\/wp\/v2\/pages\/1453\/revisions"}],"predecessor-version":[{"id":1458,"href":"https:\/\/steec.fr\/en\/wp-json\/wp\/v2\/pages\/1453\/revisions\/1458"}],"wp:attachment":[{"href":"https:\/\/steec.fr\/en\/wp-json\/wp\/v2\/media?parent=1453"}],"curies":[{"name":"wp","href":"https:\/\/api.w.org\/{rel}","templated":true}]}}